{"id":2,"date":"2018-07-02T15:56:46","date_gmt":"2018-07-02T15:56:46","guid":{"rendered":"https:\/\/www.solid.cat\/wordpress\/?page_id=2"},"modified":"2018-10-30T23:12:35","modified_gmt":"2018-10-30T22:12:35","slug":"sample-page","status":"publish","type":"page","link":"https:\/\/www.solid.cat\/","title":{"rendered":"SOLID"},"content":{"rendered":"<p>Solid \u00e9s una empresa jove i din\u00e0mica amb una forta orientaci\u00f3 a l&#8217;\u00e0mbit tecnol\u00f2gic i inform\u00e0tic que neix amb l&#8217;ambici\u00f3 d&#8217;aportar solucions a organismes, institucions i empreses privades en l&#8217;\u00e0mbit inform\u00e0tic i tecnol\u00f2gic.<\/p>\n","protected":false},"excerpt":{"rendered":"<p>Solid \u00e9s una empresa jove i din\u00e0mica amb una forta orientaci\u00f3 a l&#8217;\u00e0mbit tecnol\u00f2gic i inform\u00e0tic que neix amb l&#8217;ambici\u00f3 d&#8217;aportar solucions a organismes, institucions i empreses privades en l&#8217;\u00e0mbit inform\u00e0tic i tecnol\u00f2gic.<\/p>\n","protected":false},"author":3,"featured_media":0,"parent":0,"menu_order":0,"comment_status":"closed","ping_status":"open","template":"","meta":{"jetpack_post_was_ever_published":false,"footnotes":""},"class_list":["post-2","page","type-page","status-publish","hentry"],"jetpack_sharing_enabled":true,"jetpack_shortlink":"https:\/\/wp.me\/Pa8tZr-2","_links":{"self":[{"href":"https:\/\/www.solid.cat\/index.php\/wp-json\/wp\/v2\/pages\/2","targetHints":{"allow":["GET"]}}],"collection":[{"href":"https:\/\/www.solid.cat\/index.php\/wp-json\/wp\/v2\/pages"}],"about":[{"href":"https:\/\/www.solid.cat\/index.php\/wp-json\/wp\/v2\/types\/page"}],"author":[{"embeddable":true,"href":"https:\/\/www.solid.cat\/index.php\/wp-json\/wp\/v2\/users\/3"}],"replies":[{"embeddable":true,"href":"https:\/\/www.solid.cat\/index.php\/wp-json\/wp\/v2\/comments?post=2"}],"version-history":[{"count":3,"href":"https:\/\/www.solid.cat\/index.php\/wp-json\/wp\/v2\/pages\/2\/revisions"}],"predecessor-version":[{"id":40,"href":"https:\/\/www.solid.cat\/index.php\/wp-json\/wp\/v2\/pages\/2\/revisions\/40"}],"wp:attachment":[{"href":"https:\/\/www.solid.cat\/index.php\/wp-json\/wp\/v2\/media?parent=2"}],"curies":[{"name":"wp","href":"https:\/\/api.w.org\/{rel}","templated":true}]}}